{"id":3768,"date":"2025-02-19T13:58:37","date_gmt":"2025-02-19T12:58:37","guid":{"rendered":"https:\/\/cooperatie-hoogstraten.eu\/contact\/"},"modified":"2025-08-05T11:51:24","modified_gmt":"2025-08-05T09:51:24","slug":"contact","status":"publish","type":"page","link":"https:\/\/cooperatie-hoogstraten.eu\/fr\/contact\/","title":{"rendered":"Contact"},"content":{"rendered":"\t\t<div data-elementor-type=\"wp-page\" data-elementor-id=\"3768\" class=\"elementor elementor-3768 elementor-3723\" data-elementor-post-type=\"page\">\n\t\t\t\t<div class=\"elementor-element elementor-element-380bc73 e-flex e-con-boxed e-con e-parent\" data-id=\"380bc73\" data-element_type=\"container\" data-e-type=\"container\" data-settings=\"{&quot;background_background&quot;:&quot;classic&quot;}\">\n\t\t\t\t\t<div class=\"e-con-inner\">\n\t\t\t\t\t<\/div>\n\t\t\t\t<\/div>\n\t\t<div class=\"elementor-element elementor-element-6469b5b e-flex e-con-boxed e-con e-parent\" data-id=\"6469b5b\" data-element_type=\"container\" data-e-type=\"container\">\n\t\t\t\t\t<div class=\"e-con-inner\">\n\t\t<div class=\"elementor-element elementor-element-3179efb e-con-full e-flex e-con e-child\" data-id=\"3179efb\" data-element_type=\"container\" data-e-type=\"container\" data-settings=\"{&quot;background_background&quot;:&quot;classic&quot;}\">\n\t\t<header class=\"elementor-element elementor-element-9b0e9f9 e-con-full e-flex e-con e-child\" data-id=\"9b0e9f9\" data-element_type=\"container\" data-e-type=\"container\" data-settings=\"{&quot;background_background&quot;:&quot;classic&quot;}\">\n\t\t\t\t<div class=\"elementor-element elementor-element-8b8aee4 elementor-widget elementor-widget-heading\" data-id=\"8b8aee4\" data-element_type=\"widget\" data-e-type=\"widget\" data-widget_type=\"heading.default\">\n\t\t\t\t<div class=\"elementor-widget-container\">\n\t\t\t\t\t<h2 class=\"elementor-heading-title elementor-size-default\">Rejoignez-nous<\/h2>\t\t\t\t<\/div>\n\t\t\t\t<\/div>\n\t\t\t\t<div class=\"elementor-element elementor-element-f88a6fd elementor-view-default elementor-widget elementor-widget-icon\" data-id=\"f88a6fd\" data-element_type=\"widget\" data-e-type=\"widget\" data-widget_type=\"icon.default\">\n\t\t\t\t<div class=\"elementor-widget-container\">\n\t\t\t\t\t\t\t<div class=\"elementor-icon-wrapper\">\n\t\t\t<div class=\"elementor-icon\">\n\t\t\t<svg xmlns=\"http:\/\/www.w3.org\/2000\/svg\" viewBox=\"0 0 27 27\" fill=\"currentColor\"><path d=\"M15.4042 1.45893L26.4898 12.5445C27.1701 13.2248 27.1701 14.3277 26.4898 15.008L15.4042 26.0936C14.7239 26.7739 13.621 26.7739 12.9407 26.0936C12.2605 25.4134 12.2605 24.3104 12.9407 23.6302L21.0527 15.5182H1.74194C0.779891 15.5182 0 14.7383 0 13.7763C0 12.8142 0.779891 12.0343 1.74194 12.0343H21.0527L12.9407 3.9224C12.2605 3.24213 12.2605 2.1392 12.9407 1.45893C13.621 0.778663 14.7239 0.778663 15.4042 1.45893Z\"><\/path><\/svg>\t\t\t<\/div>\n\t\t<\/div>\n\t\t\t\t\t\t<\/div>\n\t\t\t\t<\/div>\n\t\t\t\t<\/header>\n\t\t<div class=\"elementor-element elementor-element-a1f6e3a e-con-full e-flex e-con e-child\" data-id=\"a1f6e3a\" data-element_type=\"container\" data-e-type=\"container\" data-settings=\"{&quot;background_background&quot;:&quot;classic&quot;}\">\n\t\t<div class=\"elementor-element elementor-element-816d71f e-con-full e-flex e-con e-child\" data-id=\"816d71f\" data-element_type=\"container\" data-e-type=\"container\">\n\t\t\t\t<div class=\"elementor-element elementor-element-9ade498 elementor-widget elementor-widget-heading\" data-id=\"9ade498\" data-element_type=\"widget\" data-e-type=\"widget\" data-widget_type=\"heading.default\">\n\t\t\t\t<div class=\"elementor-widget-container\">\n\t\t\t\t\t<h4 class=\"elementor-heading-title elementor-size-default\">E-mail<\/h4>\t\t\t\t<\/div>\n\t\t\t\t<\/div>\n\t\t\t\t<div class=\"elementor-element elementor-element-57c14e0 elementor-widget elementor-widget-text-editor\" data-id=\"57c14e0\" data-element_type=\"widget\" data-e-type=\"widget\" data-widget_type=\"text-editor.default\">\n\t\t\t\t<div class=\"elementor-widget-container\">\n\t\t\t\t\t\t\t\t\t<p><a href=\"mailto:marcel.biemans@hoogstraten.eu\">marcel.biemans@hoogstraten.eu<\/a><\/p>\n\t\t\t\t\t\t\t\t<\/div>\n\t\t\t\t<\/div>\n\t\t\t\t<\/div>\n\t\t<div class=\"elementor-element elementor-element-a5f30f6 e-con-full e-flex e-con e-child\" data-id=\"a5f30f6\" data-element_type=\"container\" data-e-type=\"container\">\n\t\t\t\t<div class=\"elementor-element elementor-element-1adf763 elementor-widget elementor-widget-heading\" data-id=\"1adf763\" data-element_type=\"widget\" data-e-type=\"widget\" data-widget_type=\"heading.default\">\n\t\t\t\t<div class=\"elementor-widget-container\">\n\t\t\t\t\t<h4 class=\"elementor-heading-title elementor-size-default\">T\u00e9l\u00e9phone<\/h4>\t\t\t\t<\/div>\n\t\t\t\t<\/div>\n\t\t\t\t<div class=\"elementor-element elementor-element-5bf4d1c elementor-widget elementor-widget-text-editor\" data-id=\"5bf4d1c\" data-element_type=\"widget\" data-e-type=\"widget\" data-widget_type=\"text-editor.default\">\n\t\t\t\t<div class=\"elementor-widget-container\">\n\t\t\t\t\t\t\t\t\t<p><a href=\"tel:+3233400283\">+32 33 40 02 83<\/a><\/p>\n\t\t\t\t\t\t\t\t<\/div>\n\t\t\t\t<\/div>\n\t\t\t\t<\/div>\n\t\t<div class=\"elementor-element elementor-element-34162b2 e-con-full e-flex e-con e-child\" data-id=\"34162b2\" data-element_type=\"container\" data-e-type=\"container\">\n\t\t\t\t<div class=\"elementor-element elementor-element-01598d9 elementor-widget elementor-widget-heading\" data-id=\"01598d9\" data-element_type=\"widget\" data-e-type=\"widget\" data-widget_type=\"heading.default\">\n\t\t\t\t<div class=\"elementor-widget-container\">\n\t\t\t\t\t<h4 class=\"elementor-heading-title elementor-size-default\">Adresse<\/h4>\t\t\t\t<\/div>\n\t\t\t\t<\/div>\n\t\t\t\t<div class=\"elementor-element elementor-element-73bee28 elementor-widget elementor-widget-text-editor\" data-id=\"73bee28\" data-element_type=\"widget\" data-e-type=\"widget\" data-widget_type=\"text-editor.default\">\n\t\t\t\t<div class=\"elementor-widget-container\">\n\t\t\t\t\t\t\t\t\t<p>Hoogstraten<\/p>\n\t\t\t\t\t\t\t\t<\/div>\n\t\t\t\t<\/div>\n\t\t\t\t<\/div>\n\t\t\t\t<\/div>\n\t\t\t\t<\/div>\n\t\t<div class=\"elementor-element elementor-element-9bd32c2 e-con-full e-flex e-con e-child\" data-id=\"9bd32c2\" data-element_type=\"container\" data-e-type=\"container\" data-settings=\"{&quot;background_background&quot;:&quot;classic&quot;}\">\n\t\t<header class=\"elementor-element elementor-element-a8b3e84 e-con-full e-flex e-con e-child\" data-id=\"a8b3e84\" data-element_type=\"container\" data-e-type=\"container\" data-settings=\"{&quot;background_background&quot;:&quot;classic&quot;}\">\n\t\t\t\t<div class=\"elementor-element elementor-element-2c26fe3 elementor-widget elementor-widget-heading\" data-id=\"2c26fe3\" data-element_type=\"widget\" data-e-type=\"widget\" data-widget_type=\"heading.default\">\n\t\t\t\t<div class=\"elementor-widget-container\">\n\t\t\t\t\t<h2 class=\"elementor-heading-title elementor-size-default\">Devenez client<\/h2>\t\t\t\t<\/div>\n\t\t\t\t<\/div>\n\t\t\t\t<div class=\"elementor-element elementor-element-58b90fb elementor-view-default elementor-widget elementor-widget-icon\" data-id=\"58b90fb\" data-element_type=\"widget\" data-e-type=\"widget\" data-widget_type=\"icon.default\">\n\t\t\t\t<div class=\"elementor-widget-container\">\n\t\t\t\t\t\t\t<div class=\"elementor-icon-wrapper\">\n\t\t\t<div class=\"elementor-icon\">\n\t\t\t<svg xmlns=\"http:\/\/www.w3.org\/2000\/svg\" viewBox=\"0 0 27 27\" fill=\"currentColor\"><path d=\"M15.4042 1.45893L26.4898 12.5445C27.1701 13.2248 27.1701 14.3277 26.4898 15.008L15.4042 26.0936C14.7239 26.7739 13.621 26.7739 12.9407 26.0936C12.2605 25.4134 12.2605 24.3104 12.9407 23.6302L21.0527 15.5182H1.74194C0.779891 15.5182 0 14.7383 0 13.7763C0 12.8142 0.779891 12.0343 1.74194 12.0343H21.0527L12.9407 3.9224C12.2605 3.24213 12.2605 2.1392 12.9407 1.45893C13.621 0.778663 14.7239 0.778663 15.4042 1.45893Z\"><\/path><\/svg>\t\t\t<\/div>\n\t\t<\/div>\n\t\t\t\t\t\t<\/div>\n\t\t\t\t<\/div>\n\t\t\t\t<\/header>\n\t\t<div class=\"elementor-element elementor-element-a600e5a e-con-full e-flex e-con e-child\" data-id=\"a600e5a\" data-element_type=\"container\" data-e-type=\"container\" data-settings=\"{&quot;background_background&quot;:&quot;classic&quot;}\">\n\t\t<div class=\"elementor-element elementor-element-e59d5cb e-con-full e-flex e-con e-child\" data-id=\"e59d5cb\" data-element_type=\"container\" data-e-type=\"container\">\n\t\t\t\t<div class=\"elementor-element elementor-element-b059b53 elementor-widget elementor-widget-heading\" data-id=\"b059b53\" data-element_type=\"widget\" data-e-type=\"widget\" data-widget_type=\"heading.default\">\n\t\t\t\t<div class=\"elementor-widget-container\">\n\t\t\t\t\t<h4 class=\"elementor-heading-title elementor-size-default\">E-mail<\/h4>\t\t\t\t<\/div>\n\t\t\t\t<\/div>\n\t\t\t\t<div class=\"elementor-element elementor-element-c5f8bb2 elementor-widget elementor-widget-text-editor\" data-id=\"c5f8bb2\" data-element_type=\"widget\" data-e-type=\"widget\" data-widget_type=\"text-editor.default\">\n\t\t\t\t<div class=\"elementor-widget-container\">\n\t\t\t\t\t\t\t\t\t<p>L\u00e9gumes: <a href=\"mailto:sales@hoogstraten.eu\">sales@hoogstraten.eu<\/a><br \/>Fruits: <a href=\"mailto:fruit@hoogstraten.eu\">fruit@hoogstraten.eu<\/a><\/p>\n\t\t\t\t\t\t\t\t<\/div>\n\t\t\t\t<\/div>\n\t\t\t\t<\/div>\n\t\t<div class=\"elementor-element elementor-element-3351827 e-con-full e-flex e-con e-child\" data-id=\"3351827\" data-element_type=\"container\" data-e-type=\"container\">\n\t\t\t\t<div class=\"elementor-element elementor-element-1300dbd elementor-widget elementor-widget-heading\" data-id=\"1300dbd\" data-element_type=\"widget\" data-e-type=\"widget\" data-widget_type=\"heading.default\">\n\t\t\t\t<div class=\"elementor-widget-container\">\n\t\t\t\t\t<h4 class=\"elementor-heading-title elementor-size-default\">T\u00e9l\u00e9phone<\/h4>\t\t\t\t<\/div>\n\t\t\t\t<\/div>\n\t\t\t\t<div class=\"elementor-element elementor-element-a458690 elementor-widget elementor-widget-text-editor\" data-id=\"a458690\" data-element_type=\"widget\" data-e-type=\"widget\" data-widget_type=\"text-editor.default\">\n\t\t\t\t<div class=\"elementor-widget-container\">\n\t\t\t\t\t\t\t\t\t<p><a href=\"tel:+3233400211\">+32 33 40 02 11<\/a><\/p>\n\t\t\t\t\t\t\t\t<\/div>\n\t\t\t\t<\/div>\n\t\t\t\t<\/div>\n\t\t<div class=\"elementor-element elementor-element-a090f99 e-con-full e-flex e-con e-child\" data-id=\"a090f99\" data-element_type=\"container\" data-e-type=\"container\">\n\t\t\t\t<div class=\"elementor-element elementor-element-f5f2813 elementor-widget elementor-widget-heading\" data-id=\"f5f2813\" data-element_type=\"widget\" data-e-type=\"widget\" data-widget_type=\"heading.default\">\n\t\t\t\t<div class=\"elementor-widget-container\">\n\t\t\t\t\t<h4 class=\"elementor-heading-title elementor-size-default\">Adresse<\/h4>\t\t\t\t<\/div>\n\t\t\t\t<\/div>\n\t\t\t\t<div class=\"elementor-element elementor-element-91f7e38 elementor-widget elementor-widget-text-editor\" data-id=\"91f7e38\" data-element_type=\"widget\" data-e-type=\"widget\" data-widget_type=\"text-editor.default\">\n\t\t\t\t<div class=\"elementor-widget-container\">\n\t\t\t\t\t\t\t\t\t<p>Hoogstraten<\/p>\n\t\t\t\t\t\t\t\t<\/div>\n\t\t\t\t<\/div>\n\t\t\t\t<\/div>\n\t\t\t\t<\/div>\n\t\t\t\t<\/div>\n\t\t\t\t\t<\/div>\n\t\t\t\t<\/div>\n\t\t<div class=\"elementor-element elementor-element-32d1d53 e-flex e-con-boxed e-con e-parent\" data-id=\"32d1d53\" data-element_type=\"container\" data-e-type=\"container\">\n\t\t\t\t\t<div class=\"e-con-inner\">\n\t\t\t\t<div class=\"elementor-element elementor-element-ad959cf elementor-widget elementor-widget-image\" data-id=\"ad959cf\" data-element_type=\"widget\" data-e-type=\"widget\" data-widget_type=\"image.default\">\n\t\t\t\t<div class=\"elementor-widget-container\">\n\t\t\t\t\t\t\t\t\t\t\t\t\t\t\t<img fetchpriority=\"high\" decoding=\"async\" width=\"2100\" height=\"900\" src=\"https:\/\/cooperatie-hoogstraten.eu\/wp-content\/uploads\/2025\/08\/hoogstraten-door-en-door-FR-DARK.gif\" class=\"attachment-full size-full wp-image-4630\" alt=\"Bout en bout\" loading=\"eager\" \/>\t\t\t\t\t\t\t\t\t\t\t\t\t\t\t<\/div>\n\t\t\t\t<\/div>\n\t\t\t\t\t<\/div>\n\t\t\t\t<\/div>\n\t\t\t\t<\/div>\n\t\t","protected":false},"excerpt":{"rendered":"<p>Rejoignez-nous E-mail marcel.biemans@hoogstraten.eu T\u00e9l\u00e9phone +32 33 40 02 83 Adresse Hoogstraten Devenez client E-mail L\u00e9gumes: sales@hoogstraten.euFruits: fruit@hoogstraten.eu T\u00e9l\u00e9phone +32 33 40 02 11 Adresse Hoogstraten<\/p>\n","protected":false},"author":1,"featured_media":0,"parent":0,"menu_order":9,"comment_status":"closed","ping_status":"closed","template":"","meta":{"footnotes":""},"class_list":["post-3768","page","type-page","status-publish","hentry"],"yoast_head":"<!-- This site is optimized with the Yoast SEO plugin v27.4 - https:\/\/yoast.com\/product\/yoast-seo-wordpress\/ -->\n<title>Contact - Co\u00f6peratie Hoogstraten<\/title>\n<meta name=\"robots\" content=\"index, follow, max-snippet:-1, max-image-preview:large, max-video-preview:-1\" \/>\n<link rel=\"canonical\" href=\"https:\/\/cooperatie-hoogstraten.eu\/fr\/contact\/\" \/>\n<meta property=\"og:locale\" content=\"fr_FR\" \/>\n<meta property=\"og:type\" content=\"article\" \/>\n<meta property=\"og:title\" content=\"Contact - Co\u00f6peratie Hoogstraten\" \/>\n<meta property=\"og:description\" content=\"Rejoignez-nous E-mail marcel.biemans@hoogstraten.eu T\u00e9l\u00e9phone +32 33 40 02 83 Adresse Hoogstraten Devenez client E-mail L\u00e9gumes: sales@hoogstraten.euFruits: fruit@hoogstraten.eu T\u00e9l\u00e9phone +32 33 40 02 11 Adresse Hoogstraten\" \/>\n<meta property=\"og:url\" content=\"https:\/\/cooperatie-hoogstraten.eu\/fr\/contact\/\" \/>\n<meta property=\"og:site_name\" content=\"Co\u00f6peratie Hoogstraten\" \/>\n<meta property=\"article:modified_time\" content=\"2025-08-05T09:51:24+00:00\" \/>\n<meta property=\"og:image\" content=\"https:\/\/cooperatie-hoogstraten.eu\/wp-content\/uploads\/2025\/08\/Door-en-door-script_EXPORT-DONKER-1024x439.gif\" \/>\n\t<meta property=\"og:image:width\" content=\"1024\" \/>\n\t<meta property=\"og:image:height\" content=\"439\" \/>\n\t<meta property=\"og:image:type\" content=\"image\/gif\" \/>\n<meta name=\"twitter:card\" content=\"summary_large_image\" \/>\n<script type=\"application\/ld+json\" class=\"yoast-schema-graph\">{\"@context\":\"https:\\\/\\\/schema.org\",\"@graph\":[{\"@type\":\"WebPage\",\"@id\":\"https:\\\/\\\/cooperatie-hoogstraten.eu\\\/fr\\\/contact\\\/\",\"url\":\"https:\\\/\\\/cooperatie-hoogstraten.eu\\\/fr\\\/contact\\\/\",\"name\":\"Contact - Co\u00f6peratie Hoogstraten\",\"isPartOf\":{\"@id\":\"https:\\\/\\\/cooperatie-hoogstraten.eu\\\/fr\\\/#website\"},\"primaryImageOfPage\":{\"@id\":\"https:\\\/\\\/cooperatie-hoogstraten.eu\\\/fr\\\/contact\\\/#primaryimage\"},\"image\":{\"@id\":\"https:\\\/\\\/cooperatie-hoogstraten.eu\\\/fr\\\/contact\\\/#primaryimage\"},\"thumbnailUrl\":\"https:\\\/\\\/cooperatie-hoogstraten.eu\\\/wp-content\\\/uploads\\\/2025\\\/08\\\/Door-en-door-script_EXPORT-DONKER.gif\",\"datePublished\":\"2025-02-19T12:58:37+00:00\",\"dateModified\":\"2025-08-05T09:51:24+00:00\",\"breadcrumb\":{\"@id\":\"https:\\\/\\\/cooperatie-hoogstraten.eu\\\/fr\\\/contact\\\/#breadcrumb\"},\"inLanguage\":\"fr-FR\",\"potentialAction\":[{\"@type\":\"ReadAction\",\"target\":[\"https:\\\/\\\/cooperatie-hoogstraten.eu\\\/fr\\\/contact\\\/\"]}]},{\"@type\":\"ImageObject\",\"inLanguage\":\"fr-FR\",\"@id\":\"https:\\\/\\\/cooperatie-hoogstraten.eu\\\/fr\\\/contact\\\/#primaryimage\",\"url\":\"https:\\\/\\\/cooperatie-hoogstraten.eu\\\/wp-content\\\/uploads\\\/2025\\\/08\\\/Door-en-door-script_EXPORT-DONKER.gif\",\"contentUrl\":\"https:\\\/\\\/cooperatie-hoogstraten.eu\\\/wp-content\\\/uploads\\\/2025\\\/08\\\/Door-en-door-script_EXPORT-DONKER.gif\"},{\"@type\":\"BreadcrumbList\",\"@id\":\"https:\\\/\\\/cooperatie-hoogstraten.eu\\\/fr\\\/contact\\\/#breadcrumb\",\"itemListElement\":[{\"@type\":\"ListItem\",\"position\":1,\"name\":\"Home\",\"item\":\"https:\\\/\\\/cooperatie-hoogstraten.eu\\\/fr\\\/\"},{\"@type\":\"ListItem\",\"position\":2,\"name\":\"Contact\"}]},{\"@type\":\"WebSite\",\"@id\":\"https:\\\/\\\/cooperatie-hoogstraten.eu\\\/fr\\\/#website\",\"url\":\"https:\\\/\\\/cooperatie-hoogstraten.eu\\\/fr\\\/\",\"name\":\"Co\u00f6peratie Hoogstraten\",\"description\":\"\",\"potentialAction\":[{\"@type\":\"SearchAction\",\"target\":{\"@type\":\"EntryPoint\",\"urlTemplate\":\"https:\\\/\\\/cooperatie-hoogstraten.eu\\\/fr\\\/?s={search_term_string}\"},\"query-input\":{\"@type\":\"PropertyValueSpecification\",\"valueRequired\":true,\"valueName\":\"search_term_string\"}}],\"inLanguage\":\"fr-FR\"}]}<\/script>\n<!-- \/ Yoast SEO plugin. -->","yoast_head_json":{"title":"Contact - Co\u00f6peratie Hoogstraten","robots":{"index":"index","follow":"follow","max-snippet":"max-snippet:-1","max-image-preview":"max-image-preview:large","max-video-preview":"max-video-preview:-1"},"canonical":"https:\/\/cooperatie-hoogstraten.eu\/fr\/contact\/","og_locale":"fr_FR","og_type":"article","og_title":"Contact - Co\u00f6peratie Hoogstraten","og_description":"Rejoignez-nous E-mail marcel.biemans@hoogstraten.eu T\u00e9l\u00e9phone +32 33 40 02 83 Adresse Hoogstraten Devenez client E-mail L\u00e9gumes: sales@hoogstraten.euFruits: fruit@hoogstraten.eu T\u00e9l\u00e9phone +32 33 40 02 11 Adresse Hoogstraten","og_url":"https:\/\/cooperatie-hoogstraten.eu\/fr\/contact\/","og_site_name":"Co\u00f6peratie Hoogstraten","article_modified_time":"2025-08-05T09:51:24+00:00","og_image":[{"width":1024,"height":439,"url":"https:\/\/cooperatie-hoogstraten.eu\/wp-content\/uploads\/2025\/08\/Door-en-door-script_EXPORT-DONKER-1024x439.gif","type":"image\/gif"}],"twitter_card":"summary_large_image","schema":{"@context":"https:\/\/schema.org","@graph":[{"@type":"WebPage","@id":"https:\/\/cooperatie-hoogstraten.eu\/fr\/contact\/","url":"https:\/\/cooperatie-hoogstraten.eu\/fr\/contact\/","name":"Contact - Co\u00f6peratie Hoogstraten","isPartOf":{"@id":"https:\/\/cooperatie-hoogstraten.eu\/fr\/#website"},"primaryImageOfPage":{"@id":"https:\/\/cooperatie-hoogstraten.eu\/fr\/contact\/#primaryimage"},"image":{"@id":"https:\/\/cooperatie-hoogstraten.eu\/fr\/contact\/#primaryimage"},"thumbnailUrl":"https:\/\/cooperatie-hoogstraten.eu\/wp-content\/uploads\/2025\/08\/Door-en-door-script_EXPORT-DONKER.gif","datePublished":"2025-02-19T12:58:37+00:00","dateModified":"2025-08-05T09:51:24+00:00","breadcrumb":{"@id":"https:\/\/cooperatie-hoogstraten.eu\/fr\/contact\/#breadcrumb"},"inLanguage":"fr-FR","potentialAction":[{"@type":"ReadAction","target":["https:\/\/cooperatie-hoogstraten.eu\/fr\/contact\/"]}]},{"@type":"ImageObject","inLanguage":"fr-FR","@id":"https:\/\/cooperatie-hoogstraten.eu\/fr\/contact\/#primaryimage","url":"https:\/\/cooperatie-hoogstraten.eu\/wp-content\/uploads\/2025\/08\/Door-en-door-script_EXPORT-DONKER.gif","contentUrl":"https:\/\/cooperatie-hoogstraten.eu\/wp-content\/uploads\/2025\/08\/Door-en-door-script_EXPORT-DONKER.gif"},{"@type":"BreadcrumbList","@id":"https:\/\/cooperatie-hoogstraten.eu\/fr\/contact\/#breadcrumb","itemListElement":[{"@type":"ListItem","position":1,"name":"Home","item":"https:\/\/cooperatie-hoogstraten.eu\/fr\/"},{"@type":"ListItem","position":2,"name":"Contact"}]},{"@type":"WebSite","@id":"https:\/\/cooperatie-hoogstraten.eu\/fr\/#website","url":"https:\/\/cooperatie-hoogstraten.eu\/fr\/","name":"Co\u00f6peratie Hoogstraten","description":"","potentialAction":[{"@type":"SearchAction","target":{"@type":"EntryPoint","urlTemplate":"https:\/\/cooperatie-hoogstraten.eu\/fr\/?s={search_term_string}"},"query-input":{"@type":"PropertyValueSpecification","valueRequired":true,"valueName":"search_term_string"}}],"inLanguage":"fr-FR"}]}},"_links":{"self":[{"href":"https:\/\/cooperatie-hoogstraten.eu\/fr\/wp-json\/wp\/v2\/pages\/3768","targetHints":{"allow":["GET"]}}],"collection":[{"href":"https:\/\/cooperatie-hoogstraten.eu\/fr\/wp-json\/wp\/v2\/pages"}],"about":[{"href":"https:\/\/cooperatie-hoogstraten.eu\/fr\/wp-json\/wp\/v2\/types\/page"}],"author":[{"embeddable":true,"href":"https:\/\/cooperatie-hoogstraten.eu\/fr\/wp-json\/wp\/v2\/users\/1"}],"replies":[{"embeddable":true,"href":"https:\/\/cooperatie-hoogstraten.eu\/fr\/wp-json\/wp\/v2\/comments?post=3768"}],"version-history":[{"count":2,"href":"https:\/\/cooperatie-hoogstraten.eu\/fr\/wp-json\/wp\/v2\/pages\/3768\/revisions"}],"predecessor-version":[{"id":4719,"href":"https:\/\/cooperatie-hoogstraten.eu\/fr\/wp-json\/wp\/v2\/pages\/3768\/revisions\/4719"}],"wp:attachment":[{"href":"https:\/\/cooperatie-hoogstraten.eu\/fr\/wp-json\/wp\/v2\/media?parent=3768"}],"curies":[{"name":"wp","href":"https:\/\/api.w.org\/{rel}","templated":true}]}}